{"id":561,"date":"2022-06-15T07:38:19","date_gmt":"2022-06-15T07:38:19","guid":{"rendered":"https:\/\/bp-upv.webs.upv.es\/index.php\/contact\/"},"modified":"2025-07-19T00:14:36","modified_gmt":"2025-07-19T00:14:36","slug":"contact","status":"publish","type":"page","link":"https:\/\/bp-upv.webs.upv.es\/index.php\/contact\/","title":{"rendered":"Contacto"},"content":{"rendered":"\n<div class=\"wp-block-stackable-columns alignfull stk-block-columns stk-block stk-5d488ed\" data-block-id=\"5d488ed\"><div class=\"stk-row stk-inner-blocks stk-block-content stk-content-align stk-5d488ed-column alignfull\">\n<div class=\"wp-block-stackable-column stk-block-column stk-column stk-block stk-ab01eda stk-block-background stk--has-background-overlay\" data-v=\"4\" data-block-id=\"ab01eda\"><style>.stk-ab01eda {background-image:url(https:\/\/bp-upv.webs.upv.es\/wp-content\/uploads\/2023\/11\/bp-Castellon-Refiner-1.png) !important;background-attachment:fixed !important;background-position:bottom center !important;background-repeat:no-repeat !important;background-size:cover !important;}<\/style><div class=\"stk-column-wrapper stk-block-column__content stk-container stk-ab01eda-container stk--no-background stk--no-padding\"><div class=\"stk-block-content stk-inner-blocks stk-ab01eda-inner-blocks\">\n<div class=\"wp-block-stackable-text stk-block-text stk-block stk-adc333d\" data-block-id=\"adc333d\"><style>.stk-adc333d {padding-top:66px !important;padding-right:66px !important;padding-bottom:66px !important;padding-left:66px !important;}.stk-adc333d .stk-block-text__text{font-size:55px !important;}@media screen and (max-width:999px){.stk-adc333d {padding-top:120px !important;padding-right:120px !important;padding-bottom:120px !important;padding-left:120px !important;}.stk-adc333d .stk-block-text__text{font-size:50px !important;}}@media screen and (max-width:689px){.stk-adc333d {padding-top:25px !important;padding-right:25px !important;padding-bottom:25px !important;padding-left:25px !important;}}<\/style><p class=\"stk-block-text__text has-text-align-center\"><span style=\"color: var(--theme-palette-color-8, #ffffff);\" class=\"stk-highlight\">Contacto<\/span><\/p><\/div>\n<\/div><\/div><\/div>\n<\/div><\/div>\n\n\n\n<div class=\"wp-block-stackable-spacer stk-block-spacer stk--no-padding stk-block stk-6a60213\" data-block-id=\"6a60213\"><style>.stk-6a60213 {height:140px !important;}@media screen and (max-width:999px){.stk-6a60213 {height:80px !important;}}<\/style><\/div>\n\n\n\n<div class=\"wp-block-stackable-columns stk-block-columns stk-block stk-9591f6a\" data-block-id=\"9591f6a\"><style>.stk-9591f6a .stk--block-align-9591f6a{align-items:center !important;}.stk-9591f6a {margin-bottom:0px !important;}.stk-9591f6a-column{--stk-column-gap:50px !important;row-gap:50px !important;}<\/style><div class=\"stk-row stk-inner-blocks stk--block-align-9591f6a stk-block-content stk-content-align stk-9591f6a-column\">\n<div class=\"wp-block-stackable-column stk-block-column stk-column stk-block stk-02b8092\" data-v=\"4\" data-block-id=\"02b8092\"><style>.stk-02b8092-container{margin-top:0px !important;margin-right:0px !important;margin-bottom:0px !important;margin-left:0px !important;}@media screen and (min-width:690px) and (max-width:999px){.stk-02b8092 {flex:var(--stk-flex-grow, 1) 1 calc(100% - var(--stk-column-gap, 0px) * 0 \/ 1 ) !important;}}<\/style><div class=\"stk-column-wrapper stk-block-column__content stk-container stk-02b8092-container stk--no-background stk--no-padding\"><div class=\"stk-block-content stk-inner-blocks stk-02b8092-inner-blocks\">\n<div class=\"wp-block-stackable-text stk-block-text stk-block stk-e2da4af\" data-block-id=\"e2da4af\"><style>.stk-e2da4af {margin-bottom:30px !important;}.stk-e2da4af .stk-block-text__text{text-shadow:none !important;font-size:23px !important;letter-spacing:0.8px !important;}@media screen and (max-width:999px){.stk-e2da4af .stk-block-text__text{font-size:23px !important;}}@media screen and (max-width:689px){.stk-e2da4af .stk-block-text__text{letter-spacing:0.34px !important;}}<\/style><p class=\"stk-block-text__text has-text-align-left\">Rellena este formulario y <br>nos pondremos en contacto<br>contigo lo antes posible<\/p><\/div>\n\n\n\n<div class=\"wp-block-stackable-divider stk-block-divider has-text-align-left stk-block stk-76df51b\" data-block-id=\"76df51b\"><style>.stk-76df51b hr.stk-block-divider__hr{background:#00000096 !important;height:2px !important;width:21% !important;}.stk-76df51b {margin-bottom:30px !important;}<\/style><hr class=\"stk-block-divider__hr\"\/><\/div>\n\n\n\n<div class=\"wp-block-stackable-icon stk-block-icon stk-block stk-f5327f4\" data-block-id=\"f5327f4\"><style>.stk-f5327f4 {margin-bottom:30px !important;}.stk-f5327f4 .stk--svg-wrapper .stk--inner-svg svg:last-child, .stk-f5327f4 .stk--svg-wrapper .stk--inner-svg svg:last-child :is(g, path, rect, polygon, ellipse){fill:var(--theme-palette-color-1, #1F8309) !important;}<\/style><span class=\"stk--svg-wrapper\"><div class=\"stk--inner-svg\"><svg style=\"height:0;width:0\"><defs><linearGradient id=\"linear-gradient-f5327f4\" x1=\"0\" x2=\"100%\" y1=\"0\" y2=\"0\"><stop offset=\"0%\" style=\"stop-opacity:1;stop-color:var(--linear-gradient-f-5327-f-4-color-1)\"><\/stop><stop offset=\"100%\" style=\"stop-opacity:1;stop-color:var(--linear-gradient-f-5327-f-4-color-2)\"><\/stop><\/linearGradient><\/defs><\/svg><svg aria-hidden=\"true\" focusable=\"false\" data-prefix=\"fas\" data-icon=\"map-marker-alt\" class=\"svg-inline--fa fa-map-marker-alt fa-w-12\" xmlns=\"http:\/\/www.w3.org\/2000\/svg\" viewBox=\"0 0 384 512\" width=\"32\" height=\"32\"><path fill=\"currentColor\" d=\"M172.268 501.67C26.97 291.031 0 269.413 0 192 0 85.961 85.961 0 192 0s192 85.961 192 192c0 77.413-26.97 99.031-172.268 309.67-9.535 13.774-29.93 13.773-39.464 0zM192 272c44.183 0 80-35.817 80-80s-35.817-80-80-80-80 35.817-80 80 35.817 80 80 80z\"><\/path><\/svg><\/div><\/span><\/div>\n\n\n\n<div class=\"wp-block-stackable-text stk-block-text stk-block stk-6913e92\" data-block-id=\"6913e92\"><style>.stk-6913e92 {margin-bottom:30px !important;}<\/style><p class=\"stk-block-text__text\"><span style=\"color: var(--theme-palette-color-4, #192a3d);\" class=\"stk-highlight\">Universitat Polit\u00e8cnica de Val\u00e8ncia<br><\/span><span style=\"color: #00000096;\" class=\"stk-highlight\">Cam\u00ed de Vera s\/n<br>46022 Valencia<\/span><\/p><\/div>\n\n\n\n<div class=\"wp-block-stackable-icon stk-block-icon stk-block stk-6e6e3a6\" data-block-id=\"6e6e3a6\"><style>.stk-6e6e3a6 {margin-bottom:30px !important;}.stk-6e6e3a6 .stk--svg-wrapper .stk--inner-svg svg:last-child, .stk-6e6e3a6 .stk--svg-wrapper .stk--inner-svg svg:last-child :is(g, path, rect, polygon, ellipse){fill:var(--theme-palette-color-1, #1F8309) !important;}<\/style><span class=\"stk--svg-wrapper\"><div class=\"stk--inner-svg\"><svg style=\"height:0;width:0\"><defs><linearGradient id=\"linear-gradient-6e6e3a6\" x1=\"0\" x2=\"100%\" y1=\"0\" y2=\"0\"><stop offset=\"0%\" style=\"stop-opacity:1;stop-color:var(--linear-gradient-6-e-6-e-3-a-6-color-1)\"><\/stop><stop offset=\"100%\" style=\"stop-opacity:1;stop-color:var(--linear-gradient-6-e-6-e-3-a-6-color-2)\"><\/stop><\/linearGradient><\/defs><\/svg><svg aria-hidden=\"true\" focusable=\"false\" data-prefix=\"far\" data-icon=\"envelope\" class=\"svg-inline--fa fa-envelope fa-w-16\" xmlns=\"http:\/\/www.w3.org\/2000\/svg\" viewBox=\"0 0 512 512\" width=\"32\" height=\"32\"><path fill=\"currentColor\" d=\"M464 64H48C21.49 64 0 85.49 0 112v288c0 26.51 21.49 48 48 48h416c26.51 0 48-21.49 48-48V112c0-26.51-21.49-48-48-48zm0 48v40.805c-22.422 18.259-58.168 46.651-134.587 106.49-16.841 13.247-50.201 45.072-73.413 44.701-23.208.375-56.579-31.459-73.413-44.701C106.18 199.465 70.425 171.067 48 152.805V112h416zM48 400V214.398c22.914 18.251 55.409 43.862 104.938 82.646 21.857 17.205 60.134 55.186 103.062 54.955 42.717.231 80.509-37.199 103.053-54.947 49.528-38.783 82.032-64.401 104.947-82.653V400H48z\"><\/path><\/svg><\/div><\/span><\/div>\n\n\n\n<p><span style=\"color: var(--theme-palette-color-4, #192a3d);\" class=\"stk-highlight\">Contacto<\/span><span style=\"color: #00000096;\" class=\"stk-highlight\"><br>Mail: catedrabpupv@upv.es<\/span><\/p>\n<\/div><\/div><\/div>\n\n\n\n<div class=\"wp-block-stackable-column stk-block-column stk-column stk-block stk-8454e11\" data-v=\"4\" data-block-id=\"8454e11\"><style>.stk-8454e11-container{margin-top:0px !important;margin-right:0px !important;margin-bottom:0px !important;margin-left:0px !important;}@media screen and (min-width:690px) and (max-width:999px){.stk-8454e11 {flex:var(--stk-flex-grow, 1) 1 calc(100% - var(--stk-column-gap, 0px) * 0 \/ 1 ) !important;}}<\/style><div class=\"stk-column-wrapper stk-block-column__content stk-container stk-8454e11-container stk--no-background stk--no-padding\"><div class=\"stk-block-content stk-inner-blocks stk-8454e11-inner-blocks\">\n<div class=\"wpcf7 no-js\" id=\"wpcf7-f813-o1\" lang=\"es-ES\" dir=\"ltr\" data-wpcf7-id=\"813\">\n<div class=\"screen-reader-response\"><p role=\"status\" aria-live=\"polite\" aria-atomic=\"true\"><\/p> <ul><\/ul><\/div>\n<form action=\"\/index.php\/wp-json\/wp\/v2\/pages\/561#wpcf7-f813-o1\" method=\"post\" class=\"wpcf7-form init\" aria-label=\"Formulario de contacto\" novalidate=\"novalidate\" data-status=\"init\">\n<fieldset class=\"hidden-fields-container\"><input type=\"hidden\" name=\"_wpcf7\" value=\"813\" \/><input type=\"hidden\" name=\"_wpcf7_version\" value=\"6.1.5\" \/><input type=\"hidden\" name=\"_wpcf7_locale\" value=\"es_ES\" \/><input type=\"hidden\" name=\"_wpcf7_unit_tag\" value=\"wpcf7-f813-o1\" \/><input type=\"hidden\" name=\"_wpcf7_container_post\" value=\"0\" \/><input type=\"hidden\" name=\"_wpcf7_posted_data_hash\" value=\"\" \/>\n<\/fieldset>\n<p><label> Nombre y apellidos<br \/>\n<span class=\"wpcf7-form-control-wrap\" data-name=\"your-name\"><input size=\"40\" maxlength=\"400\" class=\"wpcf7-form-control wpcf7-text wpcf7-validates-as-required\" autocomplete=\"name\" aria-required=\"true\" aria-invalid=\"false\" value=\"\" type=\"text\" name=\"your-name\" \/><\/span> <\/label>\n<\/p>\n<p><label> Correo electr\u00f3nico<br \/>\n<span class=\"wpcf7-form-control-wrap\" data-name=\"your-email\"><input size=\"40\" maxlength=\"400\" class=\"wpcf7-form-control wpcf7-email wpcf7-validates-as-required wpcf7-text wpcf7-validates-as-email\" autocomplete=\"email\" aria-required=\"true\" aria-invalid=\"false\" value=\"\" type=\"email\" name=\"your-email\" \/><\/span> <\/label>\n<\/p>\n<p><label> Asunto<br \/>\n<span class=\"wpcf7-form-control-wrap\" data-name=\"your-subject\"><input size=\"40\" maxlength=\"400\" class=\"wpcf7-form-control wpcf7-text wpcf7-validates-as-required\" aria-required=\"true\" aria-invalid=\"false\" value=\"\" type=\"text\" name=\"your-subject\" \/><\/span> <\/label>\n<\/p>\n<p><label> Mensaje<br \/>\n<span class=\"wpcf7-form-control-wrap\" data-name=\"your-message\"><textarea cols=\"40\" rows=\"10\" maxlength=\"2000\" class=\"wpcf7-form-control wpcf7-textarea wpcf7-validates-as-required\" aria-required=\"true\" aria-invalid=\"false\" name=\"your-message\"><\/textarea><\/span> <\/label>\n<\/p>\n<p><input class=\"wpcf7-form-control wpcf7-submit has-spinner\" type=\"submit\" value=\"Enviar \u2192\" \/>\n<\/p><div class=\"wpcf7-response-output\" aria-hidden=\"true\"><\/div>\n<\/form>\n<\/div>\n\n<\/div><\/div><\/div>\n<\/div><\/div>\n\n\n\n<div class=\"wp-block-stackable-spacer stk-block-spacer stk--no-padding stk-block stk-0de98d5\" data-block-id=\"0de98d5\"><style>.stk-0de98d5 {height:100px !important;}@media screen and (max-width:999px){.stk-0de98d5 {height:70px !important;}}@media screen and (max-width:689px){.stk-0de98d5 {height:95px !important;}}<\/style><\/div>\n\n\n\n<div class=\"wp-block-stackable-columns alignfull stk-block-columns stk-block stk-ccbebcd\" data-block-id=\"ccbebcd\"><div class=\"stk-row stk-inner-blocks stk-block-content stk-content-align stk-ccbebcd-column alignfull\">\n<div class=\"wp-block-stackable-column stk-block-column stk-column stk-block stk-96525a9\" data-v=\"4\" data-block-id=\"96525a9\"><div class=\"stk-column-wrapper stk-block-column__content stk-container stk-96525a9-container stk--no-background stk--no-padding\"><div class=\"stk-block-content stk-inner-blocks stk-96525a9-inner-blocks\">\n<div class=\"wp-block-stackable-map alignfull stk-block-map stk-block stk-24ab6e6\" data-block-id=\"24ab6e6\"><style>.stk-24ab6e6 .stk-block-map__canvas, .stk-24ab6e6 iframe{height:500px !important;}<\/style><iframe\n\t\t\t\t\t\ttitle=\"Embedded content from Google Maps Platform.\"\n\t\t\t\t\t\tsrc=\"https:\/\/maps.google.com\/maps?q=Servipoli&#038;t=&#038;z=14&#038;ie=UTF8&#038;output=embed\"\n\t\t\t\t\t\tstyle=\"border:0;width:100%;max-width:none;max-height:none;height:100%;\"\n\t\t\t\t\t\taria-hidden=\"false\"\n\t\t\t\t\t\ttabIndex=\"0\"\n\t\t\t\t\t\tallowfullscreen\n\t\t\t\t\t\tloading=\"lazy\"\n\t\t\t\t\t\tframeBorder=\"0\"\n\t\t\t\t\t><\/iframe><\/div>\n<\/div><\/div><\/div>\n<\/div><\/div>\n","protected":false},"excerpt":{"rendered":"<p>Contacto Rellena este formulario y nos pondremos en contactocontigo lo antes posible Universitat Polit\u00e8cnica de Val\u00e8nciaCam\u00ed de Vera s\/n46022 Valencia ContactoMail: catedrabpupv@upv.es<\/p>\n","protected":false},"author":1,"featured_media":0,"parent":0,"menu_order":0,"comment_status":"closed","ping_status":"closed","template":"","meta":{"_uag_custom_page_level_css":"","footnotes":""},"class_list":["post-561","page","type-page","status-publish","hentry"],"blocksy_meta":{"page_title_panel":"","has_hero_section":"disabled","25b2b4defa9e5958955601886b88cd66":"","hero_section":"type-1","hero_elements":[{"id":"custom_title","enabled":true,"heading_tag":"h1","title":"Home"},{"id":"custom_description","enabled":true,"description_visibility":{"desktop":true,"tablet":true,"mobile":false}},{"id":"custom_meta","enabled":false,"meta_elements":[{"id":"author","enabled":true,"label":"By","has_author_avatar":"yes","avatar_size":25},{"id":"post_date","enabled":true,"label":"On","date_format_source":"default","date_format":"M j, Y"},{"id":"updated_date","enabled":false,"label":"On","date_format_source":"default","date_format":"M j, Y"},{"id":"categories","enabled":false,"label":"In","style":"simple"},{"id":"comments","enabled":true}],"page_meta_elements":{"joined":true,"articles_count":true,"comments":true}},{"id":"breadcrumbs","enabled":false}],"7fc694c1e77368852a20b6cfa8cb6e51":"","hero_alignment1":"CT_CSS_SKIP_RULE","hero_margin":40,"hero_alignment2":"center","hero_vertical_alignment":"center","14bc9a7319c82c3f8bbebfcfe8fa8745":"","hero_structure":"narrow","22eed9c0e701144b856bb0ac4cb11f8f":"","page_title_bg_type":"featured_image","custom_hero_background":{"attachment_id":null},"page_title_image_size":"full","parallax":{"desktop":false,"tablet":false,"mobile":false},"7b65d9088366ac3d796b84bf1ccb69a8":"","hero_height":"250px","pageTitleFont":{"family":"Default","variation":"Default","size":"30px","line-height":"CT_CSS_SKIP_RULE","letter-spacing":"CT_CSS_SKIP_RULE","text-transform":"CT_CSS_SKIP_RULE","text-decoration":"CT_CSS_SKIP_RULE"},"pageTitleFontColor":{"default":{"color":"CT_CSS_SKIP_RULEDEFAULT"}},"pageMetaFont":{"family":"Default","variation":"n6","size":"12px","line-height":"1.3","letter-spacing":"CT_CSS_SKIP_RULE","text-transform":"uppercase","text-decoration":"CT_CSS_SKIP_RULE"},"pageMetaFontColor":{"default":{"color":"CT_CSS_SKIP_RULEDEFAULT"},"hover":{"color":"CT_CSS_SKIP_RULEDEFAULT"}},"page_meta_button_type_font_colors":{"default":{"color":"CT_CSS_SKIP_RULEDEFAULT"},"hover":{"color":"CT_CSS_SKIP_RULEDEFAULT"}},"page_meta_button_type_background_colors":{"default":{"color":"CT_CSS_SKIP_RULEDEFAULT"},"hover":{"color":"CT_CSS_SKIP_RULEDEFAULT"}},"pageExcerptFont":{"family":"Default","variation":"Default","size":"CT_CSS_SKIP_RULE","line-height":"CT_CSS_SKIP_RULE","letter-spacing":"CT_CSS_SKIP_RULE","text-transform":"CT_CSS_SKIP_RULE","text-decoration":"CT_CSS_SKIP_RULE"},"pageExcerptColor":{"default":{"color":"CT_CSS_SKIP_RULEDEFAULT"}},"breadcrumbsFont":{"family":"Default","variation":"Default","size":"CT_CSS_SKIP_RULE","line-height":"CT_CSS_SKIP_RULE","letter-spacing":"CT_CSS_SKIP_RULE","text-transform":"CT_CSS_SKIP_RULE","text-decoration":"CT_CSS_SKIP_RULE"},"breadcrumbsFontColor":{"default":{"color":"CT_CSS_SKIP_RULEDEFAULT"},"initial":{"color":"CT_CSS_SKIP_RULEDEFAULT"},"hover":{"color":"CT_CSS_SKIP_RULEDEFAULT"}},"pageTitleOverlay":{"background_type":"color","background_pattern":"type-1","background_image":{"attachment_id":null,"x":0,"y":0},"gradient":"linear-gradient(135deg,rgba(6,147,227,1) 0%,rgb(155,81,224) 100%)","background_repeat":"repeat","background_size":"auto","background_attachment":"scroll","patternColor":{"default":{"color":"#e5e7ea"}},"overlayColor":{"default":{"color":"CT_CSS_SKIP_RULE"}},"backgroundColor":{"default":{"color":"CT_CSS_SKIP_RULE"}}},"pageTitleBackground":{"background_type":"color","background_pattern":"type-1","background_image":{"attachment_id":null,"x":0,"y":0},"gradient":"linear-gradient(135deg,rgba(6,147,227,1) 0%,rgb(155,81,224) 100%)","background_repeat":"repeat","background_size":"auto","background_attachment":"scroll","patternColor":{"default":{"color":"#e5e7ea"}},"overlayColor":{"default":{"color":"CT_CSS_SKIP_RULE"}},"backgroundColor":{"default":{"color":"var(--theme-palette-color-6)"}}},"pageTitlePadding":{"top":"50px","bottom":"50px","left":"auto","right":"auto","linked":true},"e91887772d6e3cce3ac54ea12eaad70d":"","page_structure_type":"default","92ac8d6ea476c9002a2bdc3ebe15676b":"","content_style_source":"inherit","content_style":"wide","vertical_spacing_source":"custom","content_area_spacing":"none","background":{"background_type":"color","background_pattern":"type-1","background_image":{"attachment_id":null,"x":0,"y":0},"gradient":"linear-gradient(135deg,rgba(6,147,227,1) 0%,rgb(155,81,224) 100%)","background_repeat":"repeat","background_size":"auto","background_attachment":"scroll","patternColor":{"default":{"color":"#e5e7ea"}},"overlayColor":{"default":{"color":"CT_CSS_SKIP_RULE"}},"backgroundColor":{"default":{"color":"CT_CSS_SKIP_RULE"}}},"content_background":{"background_type":"color","background_pattern":"type-1","background_image":{"attachment_id":null,"x":0,"y":0},"gradient":"linear-gradient(135deg,rgba(6,147,227,1) 0%,rgb(155,81,224) 100%)","background_repeat":"repeat","background_size":"auto","background_attachment":"scroll","patternColor":{"default":{"color":"#e5e7ea"}},"overlayColor":{"default":{"color":"CT_CSS_SKIP_RULE"}},"backgroundColor":{"default":{"color":"var(--theme-palette-color-8)"}}},"content_boxed_shadow":{"inherit":false,"blur":18,"spread":-6,"v_offset":12,"h_offset":0,"inset":false,"enable":true,"color":{"color":"rgba(34, 56, 101, 0.04)"}},"content_boxed_border":{"width":1,"style":"none","color":{"color":"rgba(44,62,80,0.2)"}},"content_boxed_radius":{"top":"3px","bottom":"3px","left":"3px","right":"3px","linked":true},"boxed_content_spacing":{"desktop":{"top":"40px","bottom":"40px","left":"40px","right":"40px","linked":true},"tablet":{"top":"35px","bottom":"35px","left":"35px","right":"35px","linked":true},"mobile":{"top":"20px","bottom":"20px","left":"20px","right":"20px","linked":true}},"ecddc87e3a3c2a763c315647db2963c3":"","disable_featured_image":"no","disable_share_box":"no","disable_header":"no","disable_footer":"no","styles_descriptor":{"styles":{"desktop":"","tablet":"","mobile":""},"google_fonts":[],"version":6}},"uagb_featured_image_src":{"full":false,"thumbnail":false,"medium":false,"medium_large":false,"large":false,"1536x1536":false,"2048x2048":false},"uagb_author_info":{"display_name":"admin","author_link":"https:\/\/bp-upv.webs.upv.es\/index.php\/author\/almonter_ojxyiv5e\/"},"uagb_comment_info":0,"uagb_excerpt":"Contacto Rellena este formulario y nos pondremos en contactocontigo lo antes posible Universitat Polit\u00e8cnica de Val\u00e8nciaCam\u00ed de Vera s\/n46022 Valencia ContactoMail: catedrabpupv@upv.es","_links":{"self":[{"href":"https:\/\/bp-upv.webs.upv.es\/index.php\/wp-json\/wp\/v2\/pages\/561","targetHints":{"allow":["GET"]}}],"collection":[{"href":"https:\/\/bp-upv.webs.upv.es\/index.php\/wp-json\/wp\/v2\/pages"}],"about":[{"href":"https:\/\/bp-upv.webs.upv.es\/index.php\/wp-json\/wp\/v2\/types\/page"}],"author":[{"embeddable":true,"href":"https:\/\/bp-upv.webs.upv.es\/index.php\/wp-json\/wp\/v2\/users\/1"}],"replies":[{"embeddable":true,"href":"https:\/\/bp-upv.webs.upv.es\/index.php\/wp-json\/wp\/v2\/comments?post=561"}],"version-history":[{"count":18,"href":"https:\/\/bp-upv.webs.upv.es\/index.php\/wp-json\/wp\/v2\/pages\/561\/revisions"}],"predecessor-version":[{"id":975,"href":"https:\/\/bp-upv.webs.upv.es\/index.php\/wp-json\/wp\/v2\/pages\/561\/revisions\/975"}],"wp:attachment":[{"href":"https:\/\/bp-upv.webs.upv.es\/index.php\/wp-json\/wp\/v2\/media?parent=561"}],"curies":[{"name":"wp","href":"https:\/\/api.w.org\/{rel}","templated":true}]}}